{"id":141,"date":"2017-11-30T18:11:18","date_gmt":"2017-11-30T18:11:18","guid":{"rendered":"http:\/\/podospa.london\/?page_id=141"},"modified":"2022-08-09T21:17:54","modified_gmt":"2022-08-09T20:17:54","slug":"zabiegi-kosmetyczne","status":"publish","type":"page","link":"https:\/\/podospa.london\/index.php\/zabiegi-kosmetyczne\/","title":{"rendered":"Zabiegi kosmetyczne &#8211; laserowe &#8211; IPL"},"content":{"rendered":"<p><img loading=\"lazy\" decoding=\"async\" class=\"wp-image-527 size-large alignleft\" src=\"https:\/\/podospa.london\/wp-content\/uploads\/2022\/08\/beauty_and_you_podospa_london_indoors-1-1024x515.png\" alt=\"\" width=\"840\" height=\"422\" srcset=\"https:\/\/podospa.london\/wp-content\/uploads\/2022\/08\/beauty_and_you_podospa_london_indoors-1-1024x515.png 1024w, https:\/\/podospa.london\/wp-content\/uploads\/2022\/08\/beauty_and_you_podospa_london_indoors-1-300x151.png 300w, https:\/\/podospa.london\/wp-content\/uploads\/2022\/08\/beauty_and_you_podospa_london_indoors-1-768x386.png 768w, https:\/\/podospa.london\/wp-content\/uploads\/2022\/08\/beauty_and_you_podospa_london_indoors-1-1536x772.png 1536w, https:\/\/podospa.london\/wp-content\/uploads\/2022\/08\/beauty_and_you_podospa_london_indoors-1-2048x1029.png 2048w\" sizes=\"auto, (max-width: 840px) 100vw, 840px\" \/><\/p>\n<p>Mamy niew\u0105tpliw\u0105 przyjemno\u015b\u0107 zaprosi\u0107 Pa\u0144stwa do naszego salonu kosmetycznego, w kt\u00f3rym oferujemy naszym klientom r\u00f3\u017cnorodne zabiegi kosmetyczne twarzy i ca\u0142ego cia\u0142a, us\u0142ugi depilacji i korekty kszta\u0142tu, koloru rz\u0119s i brwi, oraz zabieg\u00f3w z u\u017cyciem lasera i IPL. Staramy si\u0119 zawsze zadba\u0107 o odpowiedni\u0105 atmosfer\u0119 aby klient czu\u0142 si\u0119 w naszym gabinecie wyj\u0105tkowo \u2013 zrelaksowany i zadowolony.<\/p>\n<p>W naszej ofercie znajdziecie Pa\u0144stwo:<br \/>\n&#8211; r\u00f3\u017cnorodne zabiegi piel\u0119gnacyjne na twarz, d\u0142onie, stopy i ca\u0142e cia\u0142o<br \/>\n&#8211; zabiegi depilacji okolic intymnych, r\u0105k, n\u00f3g etc.<br \/>\n&#8211; zabiegi henny rz\u0119s i brwi<br \/>\n&#8211; regulacj\u0119 brwi<br \/>\n&#8211; zabiegi z u\u017cyciem lasera i IPL<\/p>\n","protected":false},"excerpt":{"rendered":"<p>Mamy niew\u0105tpliw\u0105 przyjemno\u015b\u0107 zaprosi\u0107 Pa\u0144stwa do naszego salonu kosmetycznego, w kt\u00f3rym oferujemy naszym klientom r\u00f3\u017cnorodne zabiegi kosmetyczne twarzy i ca\u0142ego[&#8230;]<\/p>\n","protected":false},"author":1,"featured_media":0,"parent":0,"menu_order":0,"comment_status":"closed","ping_status":"closed","template":"","meta":{"footnotes":""},"class_list":["post-141","page","type-page","status-publish","hentry"],"_links":{"self":[{"href":"https:\/\/podospa.london\/index.php\/wp-json\/wp\/v2\/pages\/141","targetHints":{"allow":["GET"]}}],"collection":[{"href":"https:\/\/podospa.london\/index.php\/wp-json\/wp\/v2\/pages"}],"about":[{"href":"https:\/\/podospa.london\/index.php\/wp-json\/wp\/v2\/types\/page"}],"author":[{"embeddable":true,"href":"https:\/\/podospa.london\/index.php\/wp-json\/wp\/v2\/users\/1"}],"replies":[{"embeddable":true,"href":"https:\/\/podospa.london\/index.php\/wp-json\/wp\/v2\/comments?post=141"}],"version-history":[{"count":13,"href":"https:\/\/podospa.london\/index.php\/wp-json\/wp\/v2\/pages\/141\/revisions"}],"predecessor-version":[{"id":535,"href":"https:\/\/podospa.london\/index.php\/wp-json\/wp\/v2\/pages\/141\/revisions\/535"}],"wp:attachment":[{"href":"https:\/\/podospa.london\/index.php\/wp-json\/wp\/v2\/media?parent=141"}],"curies":[{"name":"wp","href":"https:\/\/api.w.org\/{rel}","templated":true}]}}