{"id":144,"date":"2017-11-30T18:14:18","date_gmt":"2017-11-30T18:14:18","guid":{"rendered":"http:\/\/podospa.london\/?page_id=144"},"modified":"2022-08-09T22:11:36","modified_gmt":"2022-08-09T21:11:36","slug":"strona-glowna","status":"publish","type":"page","link":"https:\/\/podospa.london\/","title":{"rendered":"Strona g\u0142\u00f3wna"},"content":{"rendered":"<p><a href=\"http:\/\/podospa.london\/index.php\/pl\/2018\/01\/28\/446\/\" target=\"_blank\" rel=\"noopener\"><strong>Witamy na naszej stronie internetowej PodoSpa London \/ Beauty and You Ealing !<\/strong><\/a><\/p>\n<p><br \/>\nKilka s\u0142\u00f3w od naszych klient\u00f3w &#8211; recenzje i rekomendacje:<\/p>\n<p style=\"text-align: right;\"><em> <img loading=\"lazy\" decoding=\"async\" class=\"wp-image-342 size-full alignright\" src=\"http:\/\/podospa.london\/wp-content\/uploads\/2018\/01\/5-star_small.png\" alt=\"\" width=\"200\" height=\"36\" \/>&#8220;Od jakiego\u015b czasu chodz\u0119 do Anetki I zawsze jestem bardzo zadowolona. Nie tylko jest profesjonalna, ale tez dba, \u017ceby produkty, kt\u00f3rych u\u017cywa by\u0142y jak najlepszej jako\u015bci.<br \/>\nPoza tym ca\u0142y czas si\u0119 dokszta\u0142ca, aby sprosta\u0107 nawet najbardziej wymagaj\u0105cym klientka. Z czystym sumieniem polecam I jestem pewna, \u017ce nikt si\u0119 nie zawiedzie. Warta ka\u017cdego penna!!!&#8221;<\/em><br \/>\n&#8211; Paulina<\/p>\n<p style=\"text-align: right;\"><em> <img loading=\"lazy\" decoding=\"async\" class=\"wp-image-342 size-full alignright\" src=\"http:\/\/podospa.london\/wp-content\/uploads\/2018\/01\/5-star_small.png\" alt=\"\" width=\"200\" height=\"36\" \/>&#8220;Nazwa\u0107 j\u0105 profesjonalistk\u0105 to za ma\u0142o &#8211; nie ma dla niej konkurencji w Polsce i Uk. Aneto &#8211; wspania\u0142a kobieto &#8211; dzi\u0119kuj\u0119 za ka\u017cd\u0105 wizyt\u0119\u00a0<span class=\"_47e3 _5mfr\" title=\"Emotikon wink\"><img loading=\"lazy\" decoding=\"async\" class=\"img\" role=\"presentation\" src=\"https:\/\/static.xx.fbcdn.net\/images\/emoji.php\/v9\/f57\/1\/16\/1f609.png\" alt=\"\" width=\"16\" height=\"16\" \/><\/span>&#8220;<\/em><br \/>\n&#8211; Marta<\/p>\n<p style=\"text-align: right;\"><em> <img loading=\"lazy\" decoding=\"async\" class=\"wp-image-342 size-full alignright\" src=\"http:\/\/podospa.london\/wp-content\/uploads\/2018\/01\/5-star_small.png\" alt=\"\" width=\"200\" height=\"36\" \/>&#8220;Polecam wszystkim tak pi\u0119knych paznokci nie mia\u0142am nigdy w \u017cyciu a Aneta nie do\u015b\u0107 \u017ce profesjonalist\u0105 to jeszcze przecudowba osoba jestem zakochana w niej i moich pi\u0119knych paznokciach<span class=\"_5mfr _47e3\"><img loading=\"lazy\" decoding=\"async\" class=\"img\" role=\"presentation\" src=\"https:\/\/static.xx.fbcdn.net\/images\/emoji.php\/v9\/fce\/1\/16\/1f600.png\" alt=\"\" width=\"16\" height=\"16\" \/><\/span><span class=\"_5mfr _47e3\"><img loading=\"lazy\" decoding=\"async\" class=\"img\" role=\"presentation\" src=\"https:\/\/static.xx.fbcdn.net\/images\/emoji.php\/v9\/fce\/1\/16\/1f600.png\" alt=\"\" width=\"16\" height=\"16\" \/><\/span><span class=\"_5mfr _47e3\"><img loading=\"lazy\" decoding=\"async\" class=\"img\" role=\"presentation\" src=\"https:\/\/static.xx.fbcdn.net\/images\/emoji.php\/v9\/fce\/1\/16\/1f600.png\" alt=\"\" width=\"16\" height=\"16\" \/><\/span>&#8220;<\/em><br \/>\n&#8211; Joanna<\/p>\n<p style=\"text-align: center;\">Znajd\u017a nas w mediach spo\u0142eczno\u015bciowych:<\/p>\n\n","protected":false},"excerpt":{"rendered":"<p>Witamy na naszej stronie internetowej PodoSpa London \/ Beauty and You Ealing ! Kilka s\u0142\u00f3w od naszych klient\u00f3w &#8211; recenzje[&#8230;]<\/p>\n","protected":false},"author":1,"featured_media":0,"parent":0,"menu_order":0,"comment_status":"closed","ping_status":"open","template":"template-fullwidth.php","meta":{"footnotes":""},"class_list":["post-144","page","type-page","status-publish","hentry"],"_links":{"self":[{"href":"https:\/\/podospa.london\/index.php\/wp-json\/wp\/v2\/pages\/144","targetHints":{"allow":["GET"]}}],"collection":[{"href":"https:\/\/podospa.london\/index.php\/wp-json\/wp\/v2\/pages"}],"about":[{"href":"https:\/\/podospa.london\/index.php\/wp-json\/wp\/v2\/types\/page"}],"author":[{"embeddable":true,"href":"https:\/\/podospa.london\/index.php\/wp-json\/wp\/v2\/users\/1"}],"replies":[{"embeddable":true,"href":"https:\/\/podospa.london\/index.php\/wp-json\/wp\/v2\/comments?post=144"}],"version-history":[{"count":10,"href":"https:\/\/podospa.london\/index.php\/wp-json\/wp\/v2\/pages\/144\/revisions"}],"predecessor-version":[{"id":544,"href":"https:\/\/podospa.london\/index.php\/wp-json\/wp\/v2\/pages\/144\/revisions\/544"}],"wp:attachment":[{"href":"https:\/\/podospa.london\/index.php\/wp-json\/wp\/v2\/media?parent=144"}],"curies":[{"name":"wp","href":"https:\/\/api.w.org\/{rel}","templated":true}]}}