{"id":147,"date":"2017-11-30T18:16:51","date_gmt":"2017-11-30T18:16:51","guid":{"rendered":"http:\/\/podospa.london\/?page_id=147"},"modified":"2018-01-07T22:48:08","modified_gmt":"2018-01-07T22:48:08","slug":"paznokcie-manicure","status":"publish","type":"page","link":"https:\/\/podospa.london\/index.php\/paznokcie-manicure\/","title":{"rendered":"Paznokcie &#8211; Manicure"},"content":{"rendered":"<p><img loading=\"lazy\" decoding=\"async\" class=\"size-medium wp-image-112 alignleft\" src=\"http:\/\/podospa.london\/wp-content\/uploads\/slider4\/beauty_and_you_podospa_london_nails_extension-300x169.jpeg\" alt=\"\" width=\"300\" height=\"169\" srcset=\"https:\/\/podospa.london\/wp-content\/uploads\/slider4\/beauty_and_you_podospa_london_nails_extension-300x169.jpeg 300w, https:\/\/podospa.london\/wp-content\/uploads\/slider4\/beauty_and_you_podospa_london_nails_extension-768x432.jpeg 768w, https:\/\/podospa.london\/wp-content\/uploads\/slider4\/beauty_and_you_podospa_london_nails_extension-1024x576.jpeg 1024w, https:\/\/podospa.london\/wp-content\/uploads\/slider4\/beauty_and_you_podospa_london_nails_extension.jpeg 2048w\" sizes=\"auto, (max-width: 300px) 100vw, 300px\" \/>W naszym salonie kosmetycznym znajdziesz szeroki wachlarz us\u0142ug dotycz\u0105cy piel\u0119gnacji d\u0142oni i paznokci. Nie jeste\u015bmy tylko i wy\u0142\u0105cznie salonem, kt\u00f3ry dba o wygl\u0105d, kszta\u0142t i kolor Twoich paznokci, ale staramy si\u0119 dba\u0107 o stan i zdrowie Twoich paznokci i ca\u0142ych d\u0142oni &#8211; stosuj\u0105c ca\u0142\u0105 gam\u0119 profesjonalnych produkt\u00f3w, dzi\u0119ki kt\u00f3rym mo\u017cemy pom\u00f3c Ci utrzyma\u0107 paznokcie i d\u0142onie w dobrej kondycji, bez niepotrzebnych efekt\u00f3w ubocznych.<\/p>\n<p><img loading=\"lazy\" decoding=\"async\" class=\"alignright wp-image-364 size-medium\" src=\"http:\/\/podospa.london\/wp-content\/uploads\/2018\/01\/beauty_and_you_podospa_london_lcn_nail_care-1-300x213.jpg\" alt=\"\" width=\"300\" height=\"213\" srcset=\"https:\/\/podospa.london\/wp-content\/uploads\/2018\/01\/beauty_and_you_podospa_london_lcn_nail_care-1-300x213.jpg 300w, https:\/\/podospa.london\/wp-content\/uploads\/2018\/01\/beauty_and_you_podospa_london_lcn_nail_care-1-768x545.jpg 768w, https:\/\/podospa.london\/wp-content\/uploads\/2018\/01\/beauty_and_you_podospa_london_lcn_nail_care-1.jpg 985w\" sizes=\"auto, (max-width: 300px) 100vw, 300px\" \/>Mo\u017cesz tak\u017ce liczy\u0107 na nas w sytuacjach awaryjnych, takich jak p\u0119kni\u0119cia i wszelkiego rodzaju urazy paznokci, na kt\u00f3re ka\u017cdy jest nara\u017cony. W takich sytuacjach mo\u017cesz by\u0107 pewna\/pewny, \u017ce nie zostawimy Ci\u0119 w potrzebie.<br \/>\nOpr\u00f3cz klasycznego manicure, na\u0142o\u017cenia koloru czy zadbanie o odpowiednie od\u017cywienie i kondycj\u0119 Twoich d\u0142oni, mamy w ofercie tak\u017ce zabiegi przed\u0142u\u017cania, zmiany kszta\u0142tu, dekoracji i stylizacji oraz rekonstrukcji paznokci u\u017cywaj\u0105c r\u00f3\u017cnych metod i produkt\u00f3w: \u017cel, hybryda czy &#8220;tytan&#8221;. W naszej pracy korzystamy z do\u015bwiadczenia i wiedzy nabytej dzi\u0119ki wieloletniej wsp\u00f3\u0142pracy z renomowanymi firmami oferuj\u0105cymi najlepsze produkty,\u00a0<img loading=\"lazy\" decoding=\"async\" class=\"alignleft wp-image-365 size-medium\" src=\"http:\/\/podospa.london\/wp-content\/uploads\/2018\/01\/beauty_and_you_podospa_london_french_02-1-275x300.jpg\" alt=\"\" width=\"275\" height=\"300\" srcset=\"https:\/\/podospa.london\/wp-content\/uploads\/2018\/01\/beauty_and_you_podospa_london_french_02-1-275x300.jpg 275w, https:\/\/podospa.london\/wp-content\/uploads\/2018\/01\/beauty_and_you_podospa_london_french_02-1-768x839.jpg 768w, https:\/\/podospa.london\/wp-content\/uploads\/2018\/01\/beauty_and_you_podospa_london_french_02-1-937x1024.jpg 937w, https:\/\/podospa.london\/wp-content\/uploads\/2018\/01\/beauty_and_you_podospa_london_french_02-1.jpg 1984w\" sizes=\"auto, (max-width: 275px) 100vw, 275px\" \/>szkolenia produktowe oraz know-how &#8211; dzi\u0119ki temu staramy si\u0119 nieustaj\u0105co rozwija\u0107 i wnosi\u0107 do naszego biznesu coraz wi\u0119cej nowych inspiracji, pomys\u0142\u00f3w, nowo\u015bci aby zadba\u0107 o satysfakcj\u0119 i wysokie wymagania naszych klient\u00f3w.<\/p>\n","protected":false},"excerpt":{"rendered":"<p>W naszym salonie kosmetycznym znajdziesz szeroki wachlarz us\u0142ug dotycz\u0105cy piel\u0119gnacji d\u0142oni i paznokci. Nie jeste\u015bmy tylko i wy\u0142\u0105cznie salonem, kt\u00f3ry[&#8230;]<\/p>\n","protected":false},"author":1,"featured_media":0,"parent":0,"menu_order":0,"comment_status":"closed","ping_status":"closed","template":"","meta":{"footnotes":""},"class_list":["post-147","page","type-page","status-publish","hentry"],"_links":{"self":[{"href":"https:\/\/podospa.london\/index.php\/wp-json\/wp\/v2\/pages\/147","targetHints":{"allow":["GET"]}}],"collection":[{"href":"https:\/\/podospa.london\/index.php\/wp-json\/wp\/v2\/pages"}],"about":[{"href":"https:\/\/podospa.london\/index.php\/wp-json\/wp\/v2\/types\/page"}],"author":[{"embeddable":true,"href":"https:\/\/podospa.london\/index.php\/wp-json\/wp\/v2\/users\/1"}],"replies":[{"embeddable":true,"href":"https:\/\/podospa.london\/index.php\/wp-json\/wp\/v2\/comments?post=147"}],"version-history":[{"count":6,"href":"https:\/\/podospa.london\/index.php\/wp-json\/wp\/v2\/pages\/147\/revisions"}],"predecessor-version":[{"id":370,"href":"https:\/\/podospa.london\/index.php\/wp-json\/wp\/v2\/pages\/147\/revisions\/370"}],"wp:attachment":[{"href":"https:\/\/podospa.london\/index.php\/wp-json\/wp\/v2\/media?parent=147"}],"curies":[{"name":"wp","href":"https:\/\/api.w.org\/{rel}","templated":true}]}}