{"id":149,"date":"2017-11-30T18:18:37","date_gmt":"2017-11-30T18:18:37","guid":{"rendered":"http:\/\/podospa.london\/?page_id=149"},"modified":"2018-02-12T23:17:59","modified_gmt":"2018-02-12T23:17:59","slug":"pielegnacja-stop-pedicure","status":"publish","type":"page","link":"https:\/\/podospa.london\/index.php\/pielegnacja-stop-pedicure\/","title":{"rendered":"Piel\u0119gnacja st\u00f3p &#8211; pedicure"},"content":{"rendered":"<p><img loading=\"lazy\" decoding=\"async\" class=\"alignleft wp-image-451 size-medium\" src=\"http:\/\/podospa.london\/wp-content\/uploads\/2018\/01\/stopa-odcisk-187x300.jpg\" alt=\"\" width=\"187\" height=\"300\" srcset=\"https:\/\/podospa.london\/wp-content\/uploads\/2018\/01\/stopa-odcisk-187x300.jpg 187w, https:\/\/podospa.london\/wp-content\/uploads\/2018\/01\/stopa-odcisk.jpg 610w\" sizes=\"auto, (max-width: 187px) 100vw, 187px\" \/>Cz\u0119sto zastanawiamy si\u0119 co le\u017cy u podstaw naszego \u017cycia i pewnie si\u0119 zgodzicie, \u017ce mimo tego i\u017c ka\u017cdy powie co innego np: mi\u0142o\u015b\u0107, szcz\u0119\u015bcie, zdrowie, rodzicielstwo, pieni\u0105dze etc., to jednak nikt nie zaprzeczy, \u017ce s\u0105 to tak naprawd\u0119 <strong>nasze stopy<\/strong>.\u00a0 Zbyt cz\u0119sto zapominamy o tym, \u017ce to one nas wsz\u0119dzie nios\u0105, znosz\u0105 niewygody termiczne i mechaniczne zwiazane z brakiem odpowiedniego obuwia lub warunk\u00f3w atmosferycznych, nara\u017cone s\u0105 na ci\u0105g\u0142e urazy i kontuzje a mimo to statystyczny cz\u0142owiek tak ma\u0142o o nie dba w ci\u0105gu ca\u0142ego swojego \u017cycia. Oczywi\u015bcie wspominaj\u0105c o &#8220;dbaniu o stopy&#8221; nie mam na my\u015bli tych os\u00f3b, kt\u00f3re patrz\u0105 na swoje stopy jedynie przez pryzmat pomalowanych paznokci, ale o komplementarn\u0105 opiek\u0119 z uwzgl\u0119dnieniem nie tylko aspekt\u00f3w wizualnych ale przede wszystkim zdrowotnych.<\/p>\n<p><img loading=\"lazy\" decoding=\"async\" class=\"alignright wp-image-453 size-medium\" src=\"http:\/\/podospa.london\/wp-content\/uploads\/2018\/01\/stopa2-300x175.png\" alt=\"\" width=\"300\" height=\"175\" srcset=\"https:\/\/podospa.london\/wp-content\/uploads\/2018\/01\/stopa2-300x175.png 300w, https:\/\/podospa.london\/wp-content\/uploads\/2018\/01\/stopa2.png 440w\" sizes=\"auto, (max-width: 300px) 100vw, 300px\" \/><\/p>\n<p>Wyraz<em><strong> PODO<\/strong><\/em>\u00a0pochodzi z \u0142aciny i oznacza\u00a0<strong>STOP\u0118<\/strong>\u00a0a s\u0142owo\u00a0<strong>SPA<\/strong>\u00a0wywodzi si\u0119 od nazwy belgijskiej miejscowo\u015bci Spa niedaleko Liege, kt\u00f3ra ju\u017c w czasach \u015bredniowiecznych, pod nazw\u0105\u00a0<em>Aqua Spadanae<\/em>, by\u0142a uzdrowiskiem i funkcjonowa\u0142a jako kurort.<br \/>\nZdecydowali\u015bmy si\u0119 nazwa\u0107 nasz salon <strong>PodoSpa<\/strong> w\u0142asnie dlatego, \u017ce <strong>zdrowe stopy s\u0105 nasz\u0105 pasj\u0105 i misj\u0105<\/strong> a nasz gabinet kosmetyczny jest w\u0142asnie takim\u00a0<strong>spa<\/strong>, w kt\u00f3rym zajmujemy si\u0119 piel\u0119gnacj\u0105 i opiek\u0105 nad stopami naszych klient\u00f3w\/pacjent\u00f3w.<\/p>\n<p><img loading=\"lazy\" decoding=\"async\" class=\"alignleft size-medium wp-image-462\" src=\"http:\/\/podospa.london\/wp-content\/uploads\/2018\/02\/beauty_and_you_podospa_london_pedicure_001-225x300.jpg\" alt=\"\" width=\"225\" height=\"300\" srcset=\"https:\/\/podospa.london\/wp-content\/uploads\/2018\/02\/beauty_and_you_podospa_london_pedicure_001-225x300.jpg 225w, https:\/\/podospa.london\/wp-content\/uploads\/2018\/02\/beauty_and_you_podospa_london_pedicure_001.jpg 720w\" sizes=\"auto, (max-width: 225px) 100vw, 225px\" \/>Pod opiek\u0105 naszych specjalist\u00f3w klienci mog\u0105 skorzysta\u0107 z r\u00f3\u017cnorodnych zabieg\u00f3w piel\u0119gnacyjnych i korekcyjnych, uzyska\u0107 porady i informacje oraz pomoc w kryzysowych i trudnych sytuacjach. W\u0142a\u015bciwa piel\u0119gnacja st\u00f3p, tak aby by\u0142y zdrowe, wolne od dolegliwo\u015bci i wypiel\u0119gnowane przez ca\u0142y rok (nie tylko w sezonie letnim!), nie jest \u0142atwa i bardzo cz\u0119sto wymaga kontaktu ze specjalist\u0105, kt\u00f3ry wykona <span style=\"text-decoration: underline;\">prawid\u0142owy zabieg pedicure<\/span> oraz doradzi i poleci odpowiednie metody codziennego post\u0119powania i stosowanie wspomagaj\u0105cych krem\u00f3w i preparat\u00f3w. W warunkach domowych cz\u0119sto nie jeste\u015bmy w stanie zadba\u0107 o w\u0142a\u015bciw\u0105 piel\u0119gnacj\u0119 st\u00f3p i utrzymanie ich higieny &#8211; zbyt cz\u0119sto bagatelizujemy znaczenie tego w jaki spos\u00f3b traktujemy nasze stopy.<\/p>\n<p><img loading=\"lazy\" decoding=\"async\" class=\"alignright size-medium wp-image-461\" src=\"http:\/\/podospa.london\/wp-content\/uploads\/2018\/02\/beauty_and_you_podospa_london_pedicure_002-225x300.jpg\" alt=\"\" width=\"225\" height=\"300\" srcset=\"https:\/\/podospa.london\/wp-content\/uploads\/2018\/02\/beauty_and_you_podospa_london_pedicure_002-225x300.jpg 225w, https:\/\/podospa.london\/wp-content\/uploads\/2018\/02\/beauty_and_you_podospa_london_pedicure_002.jpg 720w\" sizes=\"auto, (max-width: 225px) 100vw, 225px\" \/>Niekt\u00f3re grupy wiekowe, takie jak seniorzy czy osoby niepe\u0142nosprawne lub osoby cierpi\u0105ce na choroby przewlek\u0142e, takie jak cukrzyca typu I i II, nadci\u015bnienie t\u0119tnicze i inne, s\u0105 bardziej nara\u017cone na powik\u0142ania, kt\u00f3re bardzo cz\u0119sto lokalizuj\u0105 si\u0119 w obr\u0119bie st\u00f3p i stawu skokowego. Tacy pacjenci potrzebuj\u0105 szczeg\u00f3lnej troski i opieki specjalisty, kt\u00f3ry zadba tak\u017ce o ich stopy aby nie pozostawali unieruchomieni i nie byli &#8220;wi\u0119\u017aniami&#8221; w\u0142asnego mieszkania.<br \/>\n<span style=\"font-size: 1.0625rem;\">Je\u015bli dokuczaj\u0105 Ci &#8220;zmory&#8221; w postaci: wrastaj\u0105cych paznokci, grzybica st\u00f3p, odciski, modzele, brodawki (kurzajki), p\u0119kaj\u0105ce pi\u0119ty i inne problemy &#8211; nie wahaj si\u0119, odwied\u017a nas!<\/span><br \/>\n<strong>Je\u015bli chcesz zadba\u0107 o swoje stopy i zale\u017cy Ci aby Twoje Stopy nios\u0142y Ci\u0119 przez \u017cycie jak najd\u0142u\u017cej w dobrym zdrowiu i kondycji &#8211; jeste\u015bmy do Twojej dyspozycji &#8211; mo\u017cesz na nas liczy\u0107 w tej materii!<\/strong><\/p>\n","protected":false},"excerpt":{"rendered":"<p>Cz\u0119sto zastanawiamy si\u0119 co le\u017cy u podstaw naszego \u017cycia i pewnie si\u0119 zgodzicie, \u017ce mimo tego i\u017c ka\u017cdy powie co[&#8230;]<\/p>\n","protected":false},"author":1,"featured_media":0,"parent":0,"menu_order":1,"comment_status":"closed","ping_status":"closed","template":"","meta":{"footnotes":""},"class_list":["post-149","page","type-page","status-publish","hentry"],"_links":{"self":[{"href":"https:\/\/podospa.london\/index.php\/wp-json\/wp\/v2\/pages\/149","targetHints":{"allow":["GET"]}}],"collection":[{"href":"https:\/\/podospa.london\/index.php\/wp-json\/wp\/v2\/pages"}],"about":[{"href":"https:\/\/podospa.london\/index.php\/wp-json\/wp\/v2\/types\/page"}],"author":[{"embeddable":true,"href":"https:\/\/podospa.london\/index.php\/wp-json\/wp\/v2\/users\/1"}],"replies":[{"embeddable":true,"href":"https:\/\/podospa.london\/index.php\/wp-json\/wp\/v2\/comments?post=149"}],"version-history":[{"count":19,"href":"https:\/\/podospa.london\/index.php\/wp-json\/wp\/v2\/pages\/149\/revisions"}],"predecessor-version":[{"id":480,"href":"https:\/\/podospa.london\/index.php\/wp-json\/wp\/v2\/pages\/149\/revisions\/480"}],"wp:attachment":[{"href":"https:\/\/podospa.london\/index.php\/wp-json\/wp\/v2\/media?parent=149"}],"curies":[{"name":"wp","href":"https:\/\/api.w.org\/{rel}","templated":true}]}}