{"id":166,"date":"2017-12-03T19:54:35","date_gmt":"2017-12-03T19:54:35","guid":{"rendered":"http:\/\/podospa.london\/?page_id=166"},"modified":"2019-05-10T00:12:58","modified_gmt":"2019-05-09T23:12:58","slug":"dane-kontaktowe","status":"publish","type":"page","link":"https:\/\/podospa.london\/index.php\/dane-kontaktowe\/","title":{"rendered":"Dane kontaktowe"},"content":{"rendered":"<p>Aby um\u00f3wi\u0107 si\u0119 na wizyt\u0119 skontaktuj si\u0119 z nami telefonicznie:<br \/>\n<strong><span style=\"color: purple;\">07475 631988<\/span> lub <span style=\"color: purple;\">07566 232562<\/span><\/strong><br \/>\nlub wy\u015blij nam wiadomo\u015b\u0107 z naszej strony facebookowej <a href=\"http:\/\/www.facebook.com\/beauty.and.you.ealing\/\" target=\"_blank\" rel=\"noopener noreferrer\"><strong>Beauty and You Ealing<\/strong><\/a><\/p>\n<p>Nasz salon mie\u015bci si\u0119 w Londynie, w jednej z najbardziej malowniczych i przyjaznych dzielnic, na West Ealingu.<br \/>\nW pobli\u017cu znajdziecie centrum handlowe Ealing Broadway Shopping Centre, dwie stacje metra: West Ealing, Northfields oraz wiele innych atrakcji. Obok salonu s\u0105 dost\u0119pne miejsca parkingowe przy ulicy Leighton Road oraz Seaford Road naprzeciwko pubu Forester.<br \/>\n<iframe loading=\"lazy\" style=\"border: 0;\" src=\"https:\/\/www.google.com\/maps\/embed?pb=!1m18!1m12!1m3!1d2707.927192303238!2d-0.30735732981921193!3d51.509910232283566!2m3!1f0!2f0!3f0!3m2!1i1024!2i768!4f13.1!3m3!1m2!1s0x48760df45cb4275d%3A0xca4248ddd04b1ab!2sBeauty+and+You!5e0!3m2!1sen!2spl!4v1507672881519\" width=\"600\" height=\"450\" frameborder=\"0\" allowfullscreen=\"allowfullscreen\" data-mce-fragment=\"1\"><\/iframe><br \/>\nDane kontaktowe:<br \/>\nSalon kosmetyczny &#8211; piel\u0119gnacja paznokci i st\u00f3p &#8211; podologia<br \/>\n<strong>Beauty and You \/ Podospa London<\/strong><br \/>\n8 Peterden House, Seaford Road<br \/>\nW13 9DW West Ealing, London<\/p>\n<p>tel. <strong>07475 631988<\/strong> lub <strong>07566 232562<\/strong><br \/>\nemail: <a href=\"mailto:cosmetics.and.podology@gmail.com\"><strong>cosmetics.and.podology@gmail.com<\/strong><\/a><\/p>\n<p>Dane PayPal account do wp\u0142at depozyt\u00f3w:<br \/>\n<a href=\"http:\/\/paypal.me\/AnetaZiolkowska\"><strong>paypal.me\/AnetaZiolkowska<\/strong><\/a><br \/>\nAneta Ziolkowska Beauty and You<br \/>\nMerchant ID:\u00a0<strong>ENEVRSQHP6B6U<\/strong><br \/>\nemail: cosmetics.and.podology@gmail.com<\/p>\n","protected":false},"excerpt":{"rendered":"<p>Aby um\u00f3wi\u0107 si\u0119 na wizyt\u0119 skontaktuj si\u0119 z nami telefonicznie: 07475 631988 lub 07566 232562 lub wy\u015blij nam wiadomo\u015b\u0107 z[&#8230;]<\/p>\n","protected":false},"author":1,"featured_media":0,"parent":0,"menu_order":2,"comment_status":"closed","ping_status":"closed","template":"","meta":{"footnotes":""},"class_list":["post-166","page","type-page","status-publish","hentry"],"_links":{"self":[{"href":"https:\/\/podospa.london\/index.php\/wp-json\/wp\/v2\/pages\/166","targetHints":{"allow":["GET"]}}],"collection":[{"href":"https:\/\/podospa.london\/index.php\/wp-json\/wp\/v2\/pages"}],"about":[{"href":"https:\/\/podospa.london\/index.php\/wp-json\/wp\/v2\/types\/page"}],"author":[{"embeddable":true,"href":"https:\/\/podospa.london\/index.php\/wp-json\/wp\/v2\/users\/1"}],"replies":[{"embeddable":true,"href":"https:\/\/podospa.london\/index.php\/wp-json\/wp\/v2\/comments?post=166"}],"version-history":[{"count":11,"href":"https:\/\/podospa.london\/index.php\/wp-json\/wp\/v2\/pages\/166\/revisions"}],"predecessor-version":[{"id":498,"href":"https:\/\/podospa.london\/index.php\/wp-json\/wp\/v2\/pages\/166\/revisions\/498"}],"wp:attachment":[{"href":"https:\/\/podospa.london\/index.php\/wp-json\/wp\/v2\/media?parent=166"}],"curies":[{"name":"wp","href":"https:\/\/api.w.org\/{rel}","templated":true}]}}