{"id":592,"date":"2024-09-07T00:27:57","date_gmt":"2024-09-06T23:27:57","guid":{"rendered":"https:\/\/podospa.london\/?page_id=592"},"modified":"2026-03-26T01:28:47","modified_gmt":"2026-03-26T01:28:47","slug":"truetouch-3","status":"publish","type":"page","link":"https:\/\/podospa.london\/index.php\/truetouch-3\/","title":{"rendered":"Brwi i rz\u0119sy"},"content":{"rendered":"\n<h1 class=\"wp-block-heading\"><\/h1>\n\n\n\n<p>Jestem dyplomowan\u0105 kosmetyczk\u0105 z ponad czteroletnim do\u015bwiadczeniem, specjalizuj\u0105c\u0105 si\u0119 w stylizacji brwi, rz\u0119s i paznokci. Uwielbiam pomaga\u0107 klientom podkre\u015bla\u0107 ich naturalne rysy twarzy zabiegami, kt\u00f3re dodadz\u0105 im pewno\u015bci siebie i zadbaj\u0105 o ich wygl\u0105d.<\/p>\n\n\n\n<p>Oferuj\u0119 szeroki zakres zabieg\u00f3w na brwi, w tym mapowanie brwi, regulacj\u0119 kszta\u0142tu, laminowanie, henna i farbowanie hybrydowe. Mapowanie brwi pozwala mi dok\u0142adnie zmierzy\u0107 i dobra\u0107 idealny kszta\u0142t do Twojej twarzy, zapewniaj\u0105c r\u00f3wnowag\u0119 i r\u00f3wno\u015b\u0107 brwi. Laminowanie brwi idealnie nadaje si\u0119 do uzyskania puszystego, uniesionego efektu brwi i mo\u017ce pom\u00f3c wype\u0142ni\u0107 przerzedzone miejsca, nadaj\u0105c im pe\u0142niejszy wygl\u0105d.<\/p>\n\n\n\n<p>Zapewniam r\u00f3wnie\u017c lifting i henna rz\u0119s \u2013 to doskona\u0142y, niewymagaj\u0105cy zabieg\u00f3w piel\u0119gnacyjnych, kt\u00f3ry podkre\u015bla naturalne rz\u0119sy, sprawiaj\u0105c, \u017ce wygl\u0105daj\u0105 na d\u0142u\u017csze, ciemniejsze i bardziej wyraziste \u2013 jakby\u015b obudzi\u0142a si\u0119 z tuszem do rz\u0119s.<\/p>\n\n\n\n<p>Opr\u00f3cz stylizacji brwi i rz\u0119s, oferuj\u0119 r\u00f3wnie\u017c us\u0142ugi zwi\u0105zane z paznokciami, w tym BIAB, przed\u0142u\u017canie \u017celem i lakier hybrydowy. BIAB idealnie wzmacnia naturalne paznokcie, jednocze\u015bnie wspomagaj\u0105c ich zdrowy wzrost, zapewniaj\u0105c d\u0142ugotrwa\u0142e, pi\u0119kne paznokcie.<\/p>\n\n\n\n<p>Moim celem jest zawsze tworzenie naturalnych, atrakcyjnych efekt\u00f3w w komfortowym i przyjaznym otoczeniu.<\/p>\n\n\n<div id=\"metaslider-id-506\" style=\"width: 100%;\" class=\"ml-slider-3-107-0 metaslider metaslider-flex metaslider-506 ml-slider has-dots-nav ms-theme-default\" role=\"region\" aria-label=\"New Slideshow\" data-height=\"700\" data-width=\"700\">\n    <div id=\"metaslider_container_506\">\n        <div id=\"metaslider_506\">\n            <ul class='slides'>\n                <li style=\"display: block; width: 100%;\" class=\"slide-598 ms-image \" aria-roledescription=\"slide\" data-date=\"2024-09-10 21:39:27\" data-filename=\"Logo-1-raw-material-scaled-700x700.jpg\" data-slide-type=\"image\"><a href=\"https:\/\/www.instagram.com\/truetouch.beautyy\/\" target=\"_self\" aria-label=\"View Slide Details\" class=\"metaslider_image_link\"><img loading=\"lazy\" decoding=\"async\" src=\"https:\/\/podospa.london\/wp-content\/uploads\/2024\/09\/Logo-1-raw-material-scaled-700x700.jpg\" height=\"700\" width=\"700\" alt=\"True Touch Beauty\" class=\"slider-506 slide-598 msDefaultImage\" title=\"true_touch_beauty_logo\" \/><\/a><div class=\"caption-wrap\"><div class=\"caption\">True Touch Beauty<\/div><\/div><\/li>\n                <li style=\"display: none; width: 100%;\" class=\"slide-599 ms-image \" aria-roledescription=\"slide\" data-date=\"2024-09-10 21:40:57\" data-filename=\"true_touch_beauty_002-700x700.jpg\" data-slide-type=\"image\"><a href=\"https:\/\/www.instagram.com\/truetouch.beautyy\/\" target=\"_self\" aria-label=\"View Slide Details\" class=\"metaslider_image_link\"><img loading=\"lazy\" decoding=\"async\" src=\"https:\/\/podospa.london\/wp-content\/uploads\/2024\/09\/true_touch_beauty_002-700x700.jpg\" height=\"700\" width=\"700\" alt=\"True Touch Beauty\" class=\"slider-506 slide-599 msDefaultImage\" title=\"true_touch_beauty_002\" \/><\/a><div class=\"caption-wrap\"><div class=\"caption\">True Touch Beauty<\/div><\/div><\/li>\n                <li style=\"display: none; width: 100%;\" class=\"slide-600 ms-image \" aria-roledescription=\"slide\" data-date=\"2024-09-10 21:43:37\" data-filename=\"true_touch_beauty_001-700x700.jpg\" data-slide-type=\"image\"><a href=\"https:\/\/www.instagram.com\/truetouch.beautyy\/\" target=\"_self\" aria-label=\"View Slide Details\" class=\"metaslider_image_link\"><img loading=\"lazy\" decoding=\"async\" src=\"https:\/\/podospa.london\/wp-content\/uploads\/2024\/09\/true_touch_beauty_001-700x700.jpg\" height=\"700\" width=\"700\" alt=\"True Touch Beauty\" class=\"slider-506 slide-600 msDefaultImage\" title=\"true_touch_beauty_001\" \/><\/a><div class=\"caption-wrap\"><div class=\"caption\">True Touch Beauty<\/div><\/div><\/li>\n                <li style=\"display: none; width: 100%;\" class=\"slide-601 ms-image \" aria-roledescription=\"slide\" data-date=\"2024-09-10 21:43:56\" data-filename=\"obraz_2024-09-06_234234422-700x700.png\" data-slide-type=\"image\"><a href=\"https:\/\/www.instagram.com\/truetouch.beautyy\/\" target=\"_self\" aria-label=\"View Slide Details\" class=\"metaslider_image_link\"><img loading=\"lazy\" decoding=\"async\" src=\"https:\/\/podospa.london\/wp-content\/uploads\/2024\/09\/obraz_2024-09-06_234234422-700x700.png\" height=\"700\" width=\"700\" alt=\"True Touch Beauty\" class=\"slider-506 slide-601 msDefaultImage\" title=\"True_Touch_Beauty_Eyebrows_Eyelashes\" \/><\/a><div class=\"caption-wrap\"><div class=\"caption\">True Touch Beauty<\/div><\/div><\/li>\n                <li style=\"display: none; width: 100%;\" class=\"slide-602 ms-image \" aria-roledescription=\"slide\" data-date=\"2024-09-10 21:45:23\" data-filename=\"true_touch_beauty_003-700x700.jpg\" data-slide-type=\"image\"><a href=\"https:\/\/www.instagram.com\/truetouch.beautyy\/\" target=\"_self\" aria-label=\"View Slide Details\" class=\"metaslider_image_link\"><img loading=\"lazy\" decoding=\"async\" src=\"https:\/\/podospa.london\/wp-content\/uploads\/2024\/09\/true_touch_beauty_003-700x700.jpg\" height=\"700\" width=\"700\" alt=\"True Touch Beauty\" class=\"slider-506 slide-602 msDefaultImage\" title=\"true_touch_beauty_003\" \/><\/a><div class=\"caption-wrap\"><div class=\"caption\">True Touch Beauty<\/div><\/div><\/li>\n                <li style=\"display: none; width: 100%;\" class=\"slide-603 ms-image \" aria-roledescription=\"slide\" data-date=\"2024-09-10 21:45:58\" data-filename=\"true_touch_beauty_004-700x700.jpg\" data-slide-type=\"image\"><a href=\"https:\/\/www.instagram.com\/truetouch.beautyy\/\" target=\"_self\" aria-label=\"View Slide Details\" class=\"metaslider_image_link\"><img loading=\"lazy\" decoding=\"async\" src=\"https:\/\/podospa.london\/wp-content\/uploads\/2024\/09\/true_touch_beauty_004-700x700.jpg\" height=\"700\" width=\"700\" alt=\"True Touch Beauty\" class=\"slider-506 slide-603 msDefaultImage\" title=\"true_touch_beauty_004\" \/><\/a><div class=\"caption-wrap\"><div class=\"caption\">True Touch Beauty<\/div><\/div><\/li>\n            <\/ul>\n        <\/div>\n        \n    <\/div>\n<\/div>\n\n\n\n<p>Dzia\u0142amy w zachodnim Londynie i okolicach.<\/p>\n\n\n\n<p>Napisz do nas aby si\u0119 um\u00f3wi\u0107 na wizyt\u0119 &#8211; odszukaj nas na Instagramie i obejrzyj nasze prace &#8211; link poni\u017cej:<\/p>\n\n\n<div class=\"wp-block-image\">\n<figure class=\"aligncenter size-large is-resized\"><a href=\"https:\/\/www.instagram.com\/truetouch.beautyy\/\"><img loading=\"lazy\" decoding=\"async\" width=\"1024\" height=\"1024\" src=\"https:\/\/podospa.london\/wp-content\/uploads\/2026\/03\/true_touch_beauty_instagram_link-1024x1024.png\" alt=\"True Touch Beauty Instagram account\" class=\"wp-image-651\" style=\"object-fit:cover;width:200px;height:200px\" srcset=\"https:\/\/podospa.london\/wp-content\/uploads\/2026\/03\/true_touch_beauty_instagram_link-1024x1024.png 1024w, https:\/\/podospa.london\/wp-content\/uploads\/2026\/03\/true_touch_beauty_instagram_link-300x300.png 300w, https:\/\/podospa.london\/wp-content\/uploads\/2026\/03\/true_touch_beauty_instagram_link-150x150.png 150w, https:\/\/podospa.london\/wp-content\/uploads\/2026\/03\/true_touch_beauty_instagram_link-768x768.png 768w, https:\/\/podospa.london\/wp-content\/uploads\/2026\/03\/true_touch_beauty_instagram_link.png 1328w\" sizes=\"auto, (max-width: 1024px) 100vw, 1024px\" \/><\/a><\/figure>\n<\/div>\n\n\n<p><\/p>\n","protected":false},"excerpt":{"rendered":"<p>Jestem dyplomowan\u0105 kosmetyczk\u0105 z ponad czteroletnim do\u015bwiadczeniem, specjalizuj\u0105c\u0105 si\u0119 w stylizacji brwi, rz\u0119s i paznokci. Uwielbiam pomaga\u0107 klientom podkre\u015bla\u0107 ich[&#8230;]<\/p>\n","protected":false},"author":1,"featured_media":0,"parent":0,"menu_order":0,"comment_status":"closed","ping_status":"closed","template":"","meta":{"footnotes":""},"class_list":["post-592","page","type-page","status-publish","hentry"],"_links":{"self":[{"href":"https:\/\/podospa.london\/index.php\/wp-json\/wp\/v2\/pages\/592","targetHints":{"allow":["GET"]}}],"collection":[{"href":"https:\/\/podospa.london\/index.php\/wp-json\/wp\/v2\/pages"}],"about":[{"href":"https:\/\/podospa.london\/index.php\/wp-json\/wp\/v2\/types\/page"}],"author":[{"embeddable":true,"href":"https:\/\/podospa.london\/index.php\/wp-json\/wp\/v2\/users\/1"}],"replies":[{"embeddable":true,"href":"https:\/\/podospa.london\/index.php\/wp-json\/wp\/v2\/comments?post=592"}],"version-history":[{"count":5,"href":"https:\/\/podospa.london\/index.php\/wp-json\/wp\/v2\/pages\/592\/revisions"}],"predecessor-version":[{"id":653,"href":"https:\/\/podospa.london\/index.php\/wp-json\/wp\/v2\/pages\/592\/revisions\/653"}],"wp:attachment":[{"href":"https:\/\/podospa.london\/index.php\/wp-json\/wp\/v2\/media?parent=592"}],"curies":[{"name":"wp","href":"https:\/\/api.w.org\/{rel}","templated":true}]}}